{"id":246,"date":"2019-11-12T21:37:38","date_gmt":"2019-11-12T21:37:38","guid":{"rendered":"http:\/\/mops-on-tour.de\/?page_id=246"},"modified":"2019-11-12T22:00:56","modified_gmt":"2019-11-12T22:00:56","slug":"startseite","status":"publish","type":"page","link":"https:\/\/mops-on-tour.de\/","title":{"rendered":"Willkommen"},"content":{"rendered":"\n<p>Sch\u00f6n das du dich auf meiner Seite eingefunden hats. <br>Wenn Du wissen m\u00f6chtest wer ich bin, dann klick einfach auf &#8222;\u00dcber mich&#8220;. <\/p>\n\n\n\n<p>Ich m\u00f6chte hier kleine Reiseberichte abliefern von meinen Touren. <br>Man k\u00f6nnte es als kleines Reisetagebuch bezeichnen an dem ich Dich teilhaben lassen m\u00f6chte. <\/p>\n\n\n\n<p>Da die Seite noch im Aufbau ist und ich noch nicht alles so verstehe wie es funktioniert, wird es immer wieder mal \u00c4nderungen geben. Also nicht wundern wenn die Seite immer wieder mal etwas anders aussieht. <\/p>\n\n\n\n<p>W\u00fcnsche Dir bis dahin aber viel Spa\u00df beim St\u00f6bern auf meiner Seite und w\u00fcrde mich freuen wenn Du ab und an mal vorbeischauen w\u00fcrdest um nach Neuigkeiten auschau zu halten. <\/p>\n\n\n\n<p>Viele Gr\u00fc\u00dfe vom Mops on Tour<\/p>\n","protected":false},"excerpt":{"rendered":"<p>Sch\u00f6n das du dich auf meiner Seite eingefunden hats. Wenn Du wissen m\u00f6chtest wer ich bin, dann klick einfach auf &#8222;\u00dcber mich&#8220;. Ich m\u00f6chte hier kleine Reiseberichte abliefern von meinen Touren. Man k\u00f6nnte es als kleines Reisetagebuch bezeichnen an dem ich Dich teilhaben lassen m\u00f6chte. Da die Seite noch im Aufbau ist und ich noch &hellip; <\/p>\n<p class=\"link-more\"><a href=\"https:\/\/mops-on-tour.de\/\" class=\"more-link\"><span class=\"screen-reader-text\">\u201eWillkommen\u201c <\/span>weiterlesen<\/a><\/p>\n","protected":false},"author":1,"featured_media":0,"parent":0,"menu_order":0,"comment_status":"closed","ping_status":"closed","template":"","meta":{"footnotes":""},"class_list":["post-246","page","type-page","status-publish","hentry"],"_links":{"self":[{"href":"https:\/\/mops-on-tour.de\/index.php?rest_route=\/wp\/v2\/pages\/246","targetHints":{"allow":["GET"]}}],"collection":[{"href":"https:\/\/mops-on-tour.de\/index.php?rest_route=\/wp\/v2\/pages"}],"about":[{"href":"https:\/\/mops-on-tour.de\/index.php?rest_route=\/wp\/v2\/types\/page"}],"author":[{"embeddable":true,"href":"https:\/\/mops-on-tour.de\/index.php?rest_route=\/wp\/v2\/users\/1"}],"replies":[{"embeddable":true,"href":"https:\/\/mops-on-tour.de\/index.php?rest_route=%2Fwp%2Fv2%2Fcomments&post=246"}],"version-history":[{"count":2,"href":"https:\/\/mops-on-tour.de\/index.php?rest_route=\/wp\/v2\/pages\/246\/revisions"}],"predecessor-version":[{"id":251,"href":"https:\/\/mops-on-tour.de\/index.php?rest_route=\/wp\/v2\/pages\/246\/revisions\/251"}],"wp:attachment":[{"href":"https:\/\/mops-on-tour.de\/index.php?rest_route=%2Fwp%2Fv2%2Fmedia&parent=246"}],"curies":[{"name":"wp","href":"https:\/\/api.w.org\/{rel}","templated":true}]}}